{"id":62,"date":"2026-01-18T20:16:44","date_gmt":"2026-01-18T20:16:44","guid":{"rendered":"https:\/\/nalipetspa.pl\/?page_id=62"},"modified":"2026-01-20T21:01:32","modified_gmt":"2026-01-20T21:01:32","slug":"po-wizycie","status":"publish","type":"page","link":"https:\/\/nalipetspa.pl\/index.php\/po-wizycie\/","title":{"rendered":"Po wizycie"},"content":{"rendered":"<nav style=\"background-color: #000000cc;\" class=\"has-text-color has-base-color has-background items-justified-center no-wrap alignfull wp-block-navigation is-content-justification-center is-nowrap is-layout-flex wp-container-core-navigation-is-layout-12a27398 wp-block-navigation-is-layout-flex\" aria-label=\"Navigation\"><ul style=\"background-color: #000000cc;\" class=\"wp-block-navigation__container has-text-color has-base-color has-background items-justified-center no-wrap alignfull wp-block-navigation\"><li class=\" wp-block-navigation-item wp-block-navigation-link has-medium-font-size\"><a class=\"wp-block-navigation-item__content\"  href=\"https:\/\/nalipetspa.pl\/index.php\/nasza-oferta\/\"><span class=\"wp-block-navigation-item__label\">Nasza oferta<\/span><\/a><\/li><li class=\" wp-block-navigation-item wp-block-navigation-link\"><a class=\"wp-block-navigation-item__content\"  href=\"https:\/\/nalipetspa.pl\/index.php\/przed-wizyta\/\"><span class=\"wp-block-navigation-item__label\">Przed wizyt\u0105<\/span><\/a><\/li><li class=\" wp-block-navigation-item wp-block-navigation-link\"><a class=\"wp-block-navigation-item__content\"  href=\"https:\/\/nalipetspa.pl\/index.php\/po-wizycie\/\"><span class=\"wp-block-navigation-item__label\">Po wizycie<\/span><\/a><\/li><li class=\" wp-block-navigation-item wp-block-navigation-link\"><a class=\"wp-block-navigation-item__content\"  href=\"#kontakt-stopka\"><span class=\"wp-block-navigation-item__label\">Kontakt<\/span><\/a><\/li><\/ul><\/nav>\n\n\n<h2 class=\"wp-block-heading has-text-align-center is-style-text-display is-style-text-display--1\">Po wizycie:<\/h2>\n\n\n\n<p class=\"has-text-align-center\">Nale\u017cy pami\u0119ta\u0107 \u017ce regularne wizyty skracaj\u0105 czas piel\u0119gnacji w naszym salonie. Zwierz\u0119ta, kt\u00f3re ucz\u0119szczaj\u0105 regularnie s\u0105 bardziej zrelaksowane, wiedz\u0105 co robimy w danym momencie, a ka\u017cdy krok piel\u0119gnacji nie robi na nich wra\u017cenia &#8211; pe\u0142en relaks \ud83d\ude00 <br>Tyczy si\u0119 to ca\u0142ego roku, nawet okresu jesienno-zimowego &#8211; sier\u015b\u0107 ro\u015bnie niezale\u017cnie od pory roku \ud83d\ude42<\/p>\n\n\n\n<p><\/p>\n\n\n\n<p><\/p>\n","protected":false},"excerpt":{"rendered":"<p>Po wizycie: Nale\u017cy pami\u0119ta\u0107 \u017ce regularne wizyty skracaj\u0105 czas piel\u0119gnacji w naszym salonie. Zwierz\u0119ta, kt\u00f3re ucz\u0119szczaj\u0105 regularnie s\u0105 bardziej zrelaksowane, wiedz\u0105 co robimy w danym momencie, a ka\u017cdy krok piel\u0119gnacji nie robi na nich wra\u017cenia &#8211; pe\u0142en relaks \ud83d\ude00 Tyczy si\u0119 to ca\u0142ego roku, nawet okresu jesienno-zimowego &#8211; sier\u015b\u0107 ro\u015bnie niezale\u017cnie od pory roku \ud83d\ude42<\/p>\n","protected":false},"author":1,"featured_media":0,"parent":0,"menu_order":0,"comment_status":"closed","ping_status":"closed","template":"","meta":{"footnotes":""},"class_list":["post-62","page","type-page","status-publish","hentry"],"_links":{"self":[{"href":"https:\/\/nalipetspa.pl\/index.php\/wp-json\/wp\/v2\/pages\/62","targetHints":{"allow":["GET"]}}],"collection":[{"href":"https:\/\/nalipetspa.pl\/index.php\/wp-json\/wp\/v2\/pages"}],"about":[{"href":"https:\/\/nalipetspa.pl\/index.php\/wp-json\/wp\/v2\/types\/page"}],"author":[{"embeddable":true,"href":"https:\/\/nalipetspa.pl\/index.php\/wp-json\/wp\/v2\/users\/1"}],"replies":[{"embeddable":true,"href":"https:\/\/nalipetspa.pl\/index.php\/wp-json\/wp\/v2\/comments?post=62"}],"version-history":[{"count":5,"href":"https:\/\/nalipetspa.pl\/index.php\/wp-json\/wp\/v2\/pages\/62\/revisions"}],"predecessor-version":[{"id":106,"href":"https:\/\/nalipetspa.pl\/index.php\/wp-json\/wp\/v2\/pages\/62\/revisions\/106"}],"wp:attachment":[{"href":"https:\/\/nalipetspa.pl\/index.php\/wp-json\/wp\/v2\/media?parent=62"}],"curies":[{"name":"wp","href":"https:\/\/api.w.org\/{rel}","templated":true}]}}