{"id":55,"date":"2026-01-18T20:00:34","date_gmt":"2026-01-18T20:00:34","guid":{"rendered":"https:\/\/nalipetspa.pl\/?page_id=55"},"modified":"2026-01-18T21:34:48","modified_gmt":"2026-01-18T21:34:48","slug":"przed-wizyta","status":"publish","type":"page","link":"https:\/\/nalipetspa.pl\/index.php\/przed-wizyta\/","title":{"rendered":"przed wizyt\u0105"},"content":{"rendered":"<nav style=\"background-color: #000000cc;\" class=\"has-text-color has-base-color has-background items-justified-center no-wrap alignfull wp-block-navigation is-content-justification-center is-nowrap is-layout-flex wp-container-core-navigation-is-layout-12a27398 wp-block-navigation-is-layout-flex\" aria-label=\"Navigation\"><ul style=\"background-color: #000000cc;\" class=\"wp-block-navigation__container has-text-color has-base-color has-background items-justified-center no-wrap alignfull wp-block-navigation\"><li class=\" wp-block-navigation-item wp-block-navigation-link has-medium-font-size\"><a class=\"wp-block-navigation-item__content\"  href=\"https:\/\/nalipetspa.pl\/index.php\/nasza-oferta\/\"><span class=\"wp-block-navigation-item__label\">Nasza oferta<\/span><\/a><\/li><li class=\" wp-block-navigation-item wp-block-navigation-link\"><a class=\"wp-block-navigation-item__content\"  href=\"https:\/\/nalipetspa.pl\/index.php\/przed-wizyta\/\"><span class=\"wp-block-navigation-item__label\">Przed wizyt\u0105<\/span><\/a><\/li><li class=\" wp-block-navigation-item wp-block-navigation-link\"><a class=\"wp-block-navigation-item__content\"  href=\"https:\/\/nalipetspa.pl\/index.php\/po-wizycie\/\"><span class=\"wp-block-navigation-item__label\">Po wizycie<\/span><\/a><\/li><li class=\" wp-block-navigation-item wp-block-navigation-link\"><a class=\"wp-block-navigation-item__content\"  href=\"#kontakt-stopka\"><span class=\"wp-block-navigation-item__label\">Kontakt<\/span><\/a><\/li><\/ul><\/nav>\n\n\n<h2 class=\"wp-block-heading has-text-align-center is-style-text-display is-style-text-display--1\">Co warto wiedzie\u0107 przed wizyt\u0105:<\/h2>\n\n\n\n<p class=\"has-text-align-center\">Pracujemy z psami sam na sam. W tym czasie w\u0142a\u015bciciele zwierz\u0105t, maj\u0105 czas dla siebie. Dlaczego? Psy s\u0105 du\u017co spokojniejsze bez w\u0142a\u015bciciela, a czas strzy\u017cenia znacznie si\u0119 skraca.<\/p>\n\n\n\n<p class=\"has-text-align-center\">Nie podajemy \u017cadnych \u015brodk\u00f3w uspokajaj\u0105cych! Mo\u017cecie by\u0107 spokojni, pracujemy nad psem z odpowiednim podej\u015bciem behawioralnym.<\/p>\n\n\n\n<p class=\"has-text-align-center\">Ka\u017cdy pies jest inny, a podej\u015bcie indywidualne. Je\u015bli to wasza pierwsza wizyta &#8211; daj zna\u0107, zarezerwujemy wi\u0119cej czasu, \u017ceby zwierzak lepiej nas pozna\u0142 \ud83d\ude42<\/p>\n\n\n\n<p class=\"has-text-align-center\">Pracujemy u\u017cywaj\u0105c profesjonalnych kosmetyk\u00f3w i sprz\u0119tu.<br>Piel\u0119gnacja i zakres us\u0142ug s\u0105 dobierane do potrzeb ka\u017cdego zwierzaka.<\/p>\n\n\n\n<h2 class=\"wp-block-heading has-text-align-center is-style-text-display is-style-text-display--2\">Jakie informacje s\u0105 nam potrzebne?<\/h2>\n\n\n\n<ul class=\"wp-block-list\">\n<li>trudny charakter zwierzaka, damy szans\u0119 ka\u017cdemu ale musimy si\u0119 przygotowa\u0107 \ud83d\ude42<\/li>\n\n\n\n<li>informacja o szczepieniu przeciwko w\u015bciekli\u017anie<\/li>\n\n\n\n<li>czy zwierzak ma jakie\u015b alergie<\/li>\n\n\n\n<li>czy zwierzak mia\u0142 uraz lub czy by\u0142 chory<\/li>\n\n\n\n<li>czy ma jakie\u015b choroby sk\u00f3rne <\/li>\n<\/ul>\n\n\n\n<h2 class=\"wp-block-heading has-text-align-center is-style-text-display is-style-text-display--3\">Co zrobi\u0107 przed wizyt\u0105?<\/h2>\n\n\n\n<ul class=\"wp-block-list\">\n<li>zwierzak musi by\u0107 najedzony i wyprowadzony by zaspokoi\u0107 jego potrzeby<\/li>\n\n\n\n<li>przed wizyt\u0105 kompleksow\u0105 (k\u0105panie, strzy\u017cenie itd.), nie nale\u017cy k\u0105pa\u0107 zwierzaka przez kilka dni<\/li>\n<\/ul>\n\n\n\n<p><\/p>\n","protected":false},"excerpt":{"rendered":"<p>Co warto wiedzie\u0107 przed wizyt\u0105: Pracujemy z psami sam na sam. W tym czasie w\u0142a\u015bciciele zwierz\u0105t, maj\u0105 czas dla siebie. Dlaczego? Psy s\u0105 du\u017co spokojniejsze bez w\u0142a\u015bciciela, a czas strzy\u017cenia znacznie si\u0119 skraca. Nie podajemy \u017cadnych \u015brodk\u00f3w uspokajaj\u0105cych! Mo\u017cecie by\u0107 spokojni, pracujemy nad psem z odpowiednim podej\u015bciem behawioralnym. Ka\u017cdy pies jest inny, a podej\u015bcie indywidualne. [&hellip;]<\/p>\n","protected":false},"author":1,"featured_media":0,"parent":0,"menu_order":0,"comment_status":"closed","ping_status":"closed","template":"","meta":{"footnotes":""},"class_list":["post-55","page","type-page","status-publish","hentry"],"_links":{"self":[{"href":"https:\/\/nalipetspa.pl\/index.php\/wp-json\/wp\/v2\/pages\/55","targetHints":{"allow":["GET"]}}],"collection":[{"href":"https:\/\/nalipetspa.pl\/index.php\/wp-json\/wp\/v2\/pages"}],"about":[{"href":"https:\/\/nalipetspa.pl\/index.php\/wp-json\/wp\/v2\/types\/page"}],"author":[{"embeddable":true,"href":"https:\/\/nalipetspa.pl\/index.php\/wp-json\/wp\/v2\/users\/1"}],"replies":[{"embeddable":true,"href":"https:\/\/nalipetspa.pl\/index.php\/wp-json\/wp\/v2\/comments?post=55"}],"version-history":[{"count":7,"href":"https:\/\/nalipetspa.pl\/index.php\/wp-json\/wp\/v2\/pages\/55\/revisions"}],"predecessor-version":[{"id":102,"href":"https:\/\/nalipetspa.pl\/index.php\/wp-json\/wp\/v2\/pages\/55\/revisions\/102"}],"wp:attachment":[{"href":"https:\/\/nalipetspa.pl\/index.php\/wp-json\/wp\/v2\/media?parent=55"}],"curies":[{"name":"wp","href":"https:\/\/api.w.org\/{rel}","templated":true}]}}