{"id":49,"date":"2026-01-18T19:41:15","date_gmt":"2026-01-18T19:41:15","guid":{"rendered":"https:\/\/nalipetspa.pl\/?page_id=49"},"modified":"2026-01-25T15:08:43","modified_gmt":"2026-01-25T15:08:43","slug":"nasza-oferta","status":"publish","type":"page","link":"https:\/\/nalipetspa.pl\/index.php\/nasza-oferta\/","title":{"rendered":"Nasza oferta:"},"content":{"rendered":"<nav style=\"background-color: #000000cc;\" class=\"has-text-color has-base-color has-background items-justified-center no-wrap alignfull wp-block-navigation is-content-justification-center is-nowrap is-layout-flex wp-container-core-navigation-is-layout-12a27398 wp-block-navigation-is-layout-flex\" aria-label=\"Navigation\"><ul style=\"background-color: #000000cc;\" class=\"wp-block-navigation__container has-text-color has-base-color has-background items-justified-center no-wrap alignfull wp-block-navigation\"><li class=\" wp-block-navigation-item wp-block-navigation-link has-medium-font-size\"><a class=\"wp-block-navigation-item__content\"  href=\"https:\/\/nalipetspa.pl\/index.php\/nasza-oferta\/\"><span class=\"wp-block-navigation-item__label\">Nasza oferta<\/span><\/a><\/li><li class=\" wp-block-navigation-item wp-block-navigation-link\"><a class=\"wp-block-navigation-item__content\"  href=\"https:\/\/nalipetspa.pl\/index.php\/przed-wizyta\/\"><span class=\"wp-block-navigation-item__label\">Przed wizyt\u0105<\/span><\/a><\/li><li class=\" wp-block-navigation-item wp-block-navigation-link\"><a class=\"wp-block-navigation-item__content\"  href=\"https:\/\/nalipetspa.pl\/index.php\/po-wizycie\/\"><span class=\"wp-block-navigation-item__label\">Po wizycie<\/span><\/a><\/li><li class=\" wp-block-navigation-item wp-block-navigation-link\"><a class=\"wp-block-navigation-item__content\"  href=\"#kontakt-stopka\"><span class=\"wp-block-navigation-item__label\">Kontakt<\/span><\/a><\/li><\/ul><\/nav>\n\n\n<h2 class=\"wp-block-heading has-text-align-center is-style-text-display is-style-text-display--1\">Nasza oferta:<\/h2>\n\n\n\n<ul class=\"wp-block-list\">\n<li>czyszczenie oczu i uszu<\/li>\n\n\n\n<li>przycinanie pazurk\u00f3w i higiena \u0142apek<\/li>\n\n\n\n<li>kompleksowe strzy\u017cenie i trymowanie<\/li>\n\n\n\n<li>wyczesywanie podszerstka<\/li>\n\n\n\n<li>wizyty adaptacyjne dla szczeni\u0105t<\/li>\n\n\n\n<li>piel\u0119gnacja kot\u00f3w i ma\u0142ych zwierz\u0105t domowych (kr\u00f3liki i \u015bwinki morskie)<\/li>\n<\/ul>\n","protected":false},"excerpt":{"rendered":"<p>Nasza oferta:<\/p>\n","protected":false},"author":1,"featured_media":0,"parent":0,"menu_order":0,"comment_status":"closed","ping_status":"closed","template":"","meta":{"footnotes":""},"class_list":["post-49","page","type-page","status-publish","hentry"],"_links":{"self":[{"href":"https:\/\/nalipetspa.pl\/index.php\/wp-json\/wp\/v2\/pages\/49","targetHints":{"allow":["GET"]}}],"collection":[{"href":"https:\/\/nalipetspa.pl\/index.php\/wp-json\/wp\/v2\/pages"}],"about":[{"href":"https:\/\/nalipetspa.pl\/index.php\/wp-json\/wp\/v2\/types\/page"}],"author":[{"embeddable":true,"href":"https:\/\/nalipetspa.pl\/index.php\/wp-json\/wp\/v2\/users\/1"}],"replies":[{"embeddable":true,"href":"https:\/\/nalipetspa.pl\/index.php\/wp-json\/wp\/v2\/comments?post=49"}],"version-history":[{"count":11,"href":"https:\/\/nalipetspa.pl\/index.php\/wp-json\/wp\/v2\/pages\/49\/revisions"}],"predecessor-version":[{"id":108,"href":"https:\/\/nalipetspa.pl\/index.php\/wp-json\/wp\/v2\/pages\/49\/revisions\/108"}],"wp:attachment":[{"href":"https:\/\/nalipetspa.pl\/index.php\/wp-json\/wp\/v2\/media?parent=49"}],"curies":[{"name":"wp","href":"https:\/\/api.w.org\/{rel}","templated":true}]}}